{"id":7,"date":"2017-05-15T18:13:51","date_gmt":"2017-05-15T18:13:51","guid":{"rendered":"http:\/\/nautiske.ee\/?page_id=7"},"modified":"2025-08-13T11:45:51","modified_gmt":"2025-08-13T11:45:51","slug":"home","status":"publish","type":"page","link":"https:\/\/www.nautiske.ee\/","title":{"rendered":"Avaleht"},"content":{"rendered":"<p data-start=\"119\" data-end=\"392\">Nautiske O\u00dc on Haapsalus tegutsev purjet\u00f6\u00f6koda ja WB-Sails kaubam\u00e4rgi esindaja Eestis.<br data-start=\"219\" data-end=\"222\">Meie p\u00f5hitegevus on uute purjede valmistamine, nende hooldus ja remont. Lisaks pakume eri\u00f5mblusteenust ning vees\u00f5idukitele katete ja pehme m\u00f6\u00f6bli hooldust ja parandust.<\/p>\n<p data-start=\"394\" data-end=\"454\">Leia meid ka Facebookis \u2013 <strong data-start=\"420\" data-end=\"452\">@Nautiske \/ WB-Sails Estonia<\/strong><\/p>\n<p data-start=\"456\" data-end=\"480\"><strong data-start=\"456\" data-end=\"480\">Viime kangad merele!<\/strong><\/p>\n","protected":false},"excerpt":{"rendered":"<p>Nautiske O\u00dc on Haapsalus tegutsev purjet\u00f6\u00f6koda ja WB-Sails kaubam\u00e4rgi esindaja Eestis.Meie p\u00f5hitegevus on uute purjede valmistamine, nende hooldus ja remont. Lisaks pakume eri\u00f5mblusteenust ning vees\u00f5idukitele katete ja pehme m\u00f6\u00f6bli hooldust ja parandust. Leia meid ka Facebookis \u2013 @Nautiske \/ WB-Sails Estonia Viime kangad merele!<\/p>\n","protected":false},"author":1,"featured_media":117,"parent":0,"menu_order":0,"comment_status":"closed","ping_status":"closed","template":"","meta":{"footnotes":""},"class_list":["post-7","page","type-page","status-publish","has-post-thumbnail","hentry"],"_links":{"self":[{"href":"https:\/\/www.nautiske.ee\/index.php?rest_route=\/wp\/v2\/pages\/7","targetHints":{"allow":["GET"]}}],"collection":[{"href":"https:\/\/www.nautiske.ee\/index.php?rest_route=\/wp\/v2\/pages"}],"about":[{"href":"https:\/\/www.nautiske.ee\/index.php?rest_route=\/wp\/v2\/types\/page"}],"author":[{"embeddable":true,"href":"https:\/\/www.nautiske.ee\/index.php?rest_route=\/wp\/v2\/users\/1"}],"replies":[{"embeddable":true,"href":"https:\/\/www.nautiske.ee\/index.php?rest_route=%2Fwp%2Fv2%2Fcomments&post=7"}],"version-history":[{"count":5,"href":"https:\/\/www.nautiske.ee\/index.php?rest_route=\/wp\/v2\/pages\/7\/revisions"}],"predecessor-version":[{"id":124,"href":"https:\/\/www.nautiske.ee\/index.php?rest_route=\/wp\/v2\/pages\/7\/revisions\/124"}],"wp:featuredmedia":[{"embeddable":true,"href":"https:\/\/www.nautiske.ee\/index.php?rest_route=\/wp\/v2\/media\/117"}],"wp:attachment":[{"href":"https:\/\/www.nautiske.ee\/index.php?rest_route=%2Fwp%2Fv2%2Fmedia&parent=7"}],"curies":[{"name":"wp","href":"https:\/\/api.w.org\/{rel}","templated":true}]}}