{"id":8,"date":"2017-05-15T18:13:51","date_gmt":"2017-05-15T18:13:51","guid":{"rendered":"http:\/\/nautiske.ee\/?page_id=8"},"modified":"2025-08-13T11:45:41","modified_gmt":"2025-08-13T11:45:41","slug":"about","status":"publish","type":"page","link":"https:\/\/www.nautiske.ee\/?page_id=8","title":{"rendered":"Meist"},"content":{"rendered":"<p data-start=\"80\" data-end=\"388\">Pakume oma klientidele professionaalset \u00f5mblusteenust, mis on suunatud eelk\u00f5ige merendusvaldkonnale. Valmistame, hooldame ja remondime erinevaid purjesid.<\/p>\n<p data-start=\"390\" data-end=\"612\">Meie meeskonnal on pikaajaline kogemus \u00f5mblust\u00f6\u00f6stuses. Koost\u00f6\u00f6s WB-Sails arendajate ja disaineritega oleme loonud purjesid, millega on saavutatud silmapaistvaid tulemusi nii kodustel kui ka rahvusvahelistel v\u00f5istlustel.<\/p>\n<p data-start=\"614\" data-end=\"726\">Leiame lahenduse ka k\u00f5ige keerulisematele v\u00e4ljakutsetele \u2013 sest rahulolev klient on meie jaoks alati esikohal.<\/p>\n<p data-start=\"728\" data-end=\"788\">Leia meid ka Facebookis \u2013 <strong data-start=\"754\" data-end=\"786\">@Nautiske \/ WB-Sails Estonia<\/strong><\/p>\n","protected":false},"excerpt":{"rendered":"<p>Pakume oma klientidele professionaalset \u00f5mblusteenust, mis on suunatud eelk\u00f5ige merendusvaldkonnale. Valmistame, hooldame ja remondime erinevaid purjesid. Meie meeskonnal on pikaajaline kogemus \u00f5mblust\u00f6\u00f6stuses. Koost\u00f6\u00f6s WB-Sails arendajate ja disaineritega oleme loonud purjesid, millega on saavutatud silmapaistvaid tulemusi nii kodustel kui ka rahvusvahelistel v\u00f5istlustel. Leiame lahenduse ka k\u00f5ige keerulisematele v\u00e4ljakutsetele \u2013 sest rahulolev klient on meie jaoks alati &hellip; <a href=\"https:\/\/www.nautiske.ee\/?page_id=8\" class=\"more-link\">Continue reading<span class=\"screen-reader-text\"> &#8220;Meist&#8221;<\/span><\/a><\/p>\n","protected":false},"author":1,"featured_media":66,"parent":0,"menu_order":0,"comment_status":"closed","ping_status":"closed","template":"","meta":{"footnotes":""},"class_list":["post-8","page","type-page","status-publish","has-post-thumbnail","hentry"],"_links":{"self":[{"href":"https:\/\/www.nautiske.ee\/index.php?rest_route=\/wp\/v2\/pages\/8","targetHints":{"allow":["GET"]}}],"collection":[{"href":"https:\/\/www.nautiske.ee\/index.php?rest_route=\/wp\/v2\/pages"}],"about":[{"href":"https:\/\/www.nautiske.ee\/index.php?rest_route=\/wp\/v2\/types\/page"}],"author":[{"embeddable":true,"href":"https:\/\/www.nautiske.ee\/index.php?rest_route=\/wp\/v2\/users\/1"}],"replies":[{"embeddable":true,"href":"https:\/\/www.nautiske.ee\/index.php?rest_route=%2Fwp%2Fv2%2Fcomments&post=8"}],"version-history":[{"count":5,"href":"https:\/\/www.nautiske.ee\/index.php?rest_route=\/wp\/v2\/pages\/8\/revisions"}],"predecessor-version":[{"id":123,"href":"https:\/\/www.nautiske.ee\/index.php?rest_route=\/wp\/v2\/pages\/8\/revisions\/123"}],"wp:featuredmedia":[{"embeddable":true,"href":"https:\/\/www.nautiske.ee\/index.php?rest_route=\/wp\/v2\/media\/66"}],"wp:attachment":[{"href":"https:\/\/www.nautiske.ee\/index.php?rest_route=%2Fwp%2Fv2%2Fmedia&parent=8"}],"curies":[{"name":"wp","href":"https:\/\/api.w.org\/{rel}","templated":true}]}}