{"id":9,"date":"2017-05-15T18:13:52","date_gmt":"2017-05-15T18:13:52","guid":{"rendered":"http:\/\/nautiske.ee\/?page_id=9"},"modified":"2023-07-21T06:45:20","modified_gmt":"2023-07-21T06:45:20","slug":"contact","status":"publish","type":"page","link":"https:\/\/www.nautiske.ee\/?page_id=9","title":{"rendered":"Kontakt"},"content":{"rendered":"<h4>Nautiske O\u00dc<\/h4>\n<h4>Tehnika 22, Uuem\u00f5isa, Haapsalu linn<\/h4>\n<h4>L\u00e4\u00e4nemaa, 90401<\/h4>\n<h4>+372 56 654 874<\/h4>\n<h4>info@nautiske.ee<\/h4>\n\n\n<p><\/p>\n","protected":false},"excerpt":{"rendered":"<p>Nautiske O\u00dc Tehnika 22, Uuem\u00f5isa, Haapsalu linn L\u00e4\u00e4nemaa, 90401 +372 56 654 874 info@nautiske.ee<\/p>\n","protected":false},"author":1,"featured_media":63,"parent":0,"menu_order":0,"comment_status":"closed","ping_status":"closed","template":"","meta":{"footnotes":""},"class_list":["post-9","page","type-page","status-publish","has-post-thumbnail","hentry"],"_links":{"self":[{"href":"https:\/\/www.nautiske.ee\/index.php?rest_route=\/wp\/v2\/pages\/9","targetHints":{"allow":["GET"]}}],"collection":[{"href":"https:\/\/www.nautiske.ee\/index.php?rest_route=\/wp\/v2\/pages"}],"about":[{"href":"https:\/\/www.nautiske.ee\/index.php?rest_route=\/wp\/v2\/types\/page"}],"author":[{"embeddable":true,"href":"https:\/\/www.nautiske.ee\/index.php?rest_route=\/wp\/v2\/users\/1"}],"replies":[{"embeddable":true,"href":"https:\/\/www.nautiske.ee\/index.php?rest_route=%2Fwp%2Fv2%2Fcomments&post=9"}],"version-history":[{"count":4,"href":"https:\/\/www.nautiske.ee\/index.php?rest_route=\/wp\/v2\/pages\/9\/revisions"}],"predecessor-version":[{"id":113,"href":"https:\/\/www.nautiske.ee\/index.php?rest_route=\/wp\/v2\/pages\/9\/revisions\/113"}],"wp:featuredmedia":[{"embeddable":true,"href":"https:\/\/www.nautiske.ee\/index.php?rest_route=\/wp\/v2\/media\/63"}],"wp:attachment":[{"href":"https:\/\/www.nautiske.ee\/index.php?rest_route=%2Fwp%2Fv2%2Fmedia&parent=9"}],"curies":[{"name":"wp","href":"https:\/\/api.w.org\/{rel}","templated":true}]}}